{"id":1827,"date":"2025-06-15T20:50:20","date_gmt":"2025-06-15T20:50:20","guid":{"rendered":"https:\/\/m3s-traiding-web.online\/?post_type=product&#038;p=1827"},"modified":"2025-06-15T22:25:51","modified_gmt":"2025-06-15T22:25:51","slug":"pack-transformation-digitale-globale","status":"publish","type":"product","link":"https:\/\/m3s-traiding-web.online\/en\/product\/pack-transformation-digitale-globale\/","title":{"rendered":"Pack Transformation Digitale Globale"},"content":{"rendered":"<p data-start=\"3765\" data-end=\"3950\">Un accompagnement tout-en-un pour transformer ou lancer votre activit\u00e9 dans le digital. Ce pack vous offre un \u00e9cosyst\u00e8me complet : site, app, data, design &amp; support.<\/p>\n<p data-start=\"3952\" data-end=\"3979\"><strong data-start=\"3952\" data-end=\"3977\">Ce que vous obtenez :<\/strong><\/p>\n<ul data-start=\"3980\" data-end=\"4202\">\n<li data-start=\"3980\" data-end=\"4021\">\n<p data-start=\"3982\" data-end=\"4021\">Site vitrine ou e-commerce sur mesure<\/p>\n<\/li>\n<li data-start=\"4022\" data-end=\"4048\">\n<p data-start=\"4024\" data-end=\"4048\">Application mobile MVP<\/p>\n<\/li>\n<li data-start=\"4049\" data-end=\"4088\">\n<p data-start=\"4051\" data-end=\"4088\">Dashboard de suivi des performances<\/p>\n<\/li>\n<li data-start=\"4089\" data-end=\"4134\">\n<p data-start=\"4091\" data-end=\"4134\">Identit\u00e9 visuelle compl\u00e8te + UX\/UI design<\/p>\n<\/li>\n<li data-start=\"4135\" data-end=\"4166\">\n<p data-start=\"4137\" data-end=\"4166\">API &amp; back-end personnalis\u00e9<\/p>\n<\/li>\n<li data-start=\"4167\" data-end=\"4202\">\n<p data-start=\"4169\" data-end=\"4202\">Formation &amp; support 3 mois inclus<\/p>\n<\/li>\n<\/ul>\n<p data-start=\"4204\" data-end=\"4245\"><strong data-start=\"4204\" data-end=\"4229\">D\u00e9lais de livraison :<\/strong> 6 \u00e0 10 semaines<\/p>","protected":false},"excerpt":{"rendered":"<p data-start=\"1615\" data-end=\"1642\">Une formule combo premium :<\/p>\n<ul data-start=\"1643\" data-end=\"1803\">\n<li data-start=\"1643\" data-end=\"1671\">\n<p data-start=\"1645\" data-end=\"1671\">Site vitrine ou e\u2011commerce<\/p>\n<\/li>\n<li data-start=\"1672\" data-end=\"1699\">\n<p data-start=\"1674\" data-end=\"1699\">Back\u2011end + API sur mesure<\/p>\n<\/li>\n<li data-start=\"1700\" data-end=\"1738\">\n<p data-start=\"1702\" data-end=\"1738\">Application mobile MVP (optionnelle)<\/p>\n<\/li>\n<li data-start=\"1739\" data-end=\"1774\">\n<p data-start=\"1741\" data-end=\"1774\">Dashboard\/Data + branding complet<\/p>\n<\/li>\n<li data-start=\"1775\" data-end=\"1803\">\n<p data-start=\"1777\" data-end=\"1803\">Formation + support 3 mois<\/p>\n<\/li>\n<\/ul>","protected":false},"featured_media":1839,"template":"","meta":{"_acf_changed":false},"product_brand":[],"product_cat":[45],"product_tag":[],"class_list":{"0":"post-1827","1":"product","2":"type-product","3":"status-publish","4":"has-post-thumbnail","6":"product_cat-uncategorized","8":"first","9":"instock","10":"shipping-taxable","11":"purchasable","12":"product-type-simple"},"acf":[],"jetpack_sharing_enabled":true,"_links":{"self":[{"href":"https:\/\/m3s-traiding-web.online\/en\/wp-json\/wp\/v2\/product\/1827","targetHints":{"allow":["GET"]}}],"collection":[{"href":"https:\/\/m3s-traiding-web.online\/en\/wp-json\/wp\/v2\/product"}],"about":[{"href":"https:\/\/m3s-traiding-web.online\/en\/wp-json\/wp\/v2\/types\/product"}],"wp:featuredmedia":[{"embeddable":true,"href":"https:\/\/m3s-traiding-web.online\/en\/wp-json\/wp\/v2\/media\/1839"}],"wp:attachment":[{"href":"https:\/\/m3s-traiding-web.online\/en\/wp-json\/wp\/v2\/media?parent=1827"}],"wp:term":[{"taxonomy":"product_brand","embeddable":true,"href":"https:\/\/m3s-traiding-web.online\/en\/wp-json\/wp\/v2\/product_brand?post=1827"},{"taxonomy":"product_cat","embeddable":true,"href":"https:\/\/m3s-traiding-web.online\/en\/wp-json\/wp\/v2\/product_cat?post=1827"},{"taxonomy":"product_tag","embeddable":true,"href":"https:\/\/m3s-traiding-web.online\/en\/wp-json\/wp\/v2\/product_tag?post=1827"}],"curies":[{"name":"wp","href":"https:\/\/api.w.org\/{rel}","templated":true}]}}