{"id":1826,"date":"2025-06-15T20:48:34","date_gmt":"2025-06-15T20:48:34","guid":{"rendered":"https:\/\/m3s-traiding-web.online\/?post_type=product&#038;p=1826"},"modified":"2026-01-20T16:48:00","modified_gmt":"2026-01-20T16:48:00","slug":"pack-branding-ux-ui","status":"publish","type":"product","link":"https:\/\/m3s-traiding-web.online\/en\/product\/pack-branding-ux-ui\/","title":{"rendered":"Pack Branding &#038; UX\/UI"},"content":{"rendered":"<p data-start=\"3122\" data-end=\"3265\">Posez les bases solides de votre identit\u00e9 visuelle et d&rsquo;une exp\u00e9rience utilisateur optimale pour vos plateformes digitales.<\/p>\n<p data-start=\"3267\" data-end=\"3294\"><strong data-start=\"3267\" data-end=\"3292\">Ce que vous obtenez :<\/strong><\/p>\n<ul data-start=\"3295\" data-end=\"3546\">\n<li data-start=\"3295\" data-end=\"3330\">\n<p data-start=\"3297\" data-end=\"3330\">Cr\u00e9ation de logo + d\u00e9clinaisons<\/p>\n<\/li>\n<li data-start=\"3331\" data-end=\"3405\">\n<p data-start=\"3333\" data-end=\"3405\">Charte graphique compl\u00e8te (typographie, couleurs, \u00e9l\u00e9ments graphiques)<\/p>\n<\/li>\n<li data-start=\"3406\" data-end=\"3466\">\n<p data-start=\"3408\" data-end=\"3466\">Maquettes de 3 \u00e0 5 \u00e9crans web ou mobile (Figma\/Adobe XD)<\/p>\n<\/li>\n<li data-start=\"3467\" data-end=\"3503\">\n<p data-start=\"3469\" data-end=\"3503\">Prototype interactif (optionnel)<\/p>\n<\/li>\n<li data-start=\"3504\" data-end=\"3546\">\n<p data-start=\"3506\" data-end=\"3546\">Guide de style livr\u00e9 en PDF + ressources<\/p>\n<\/li>\n<\/ul>\n<p data-start=\"3548\" data-end=\"3593\"><strong data-start=\"3548\" data-end=\"3573\">D\u00e9lais de livraison :<\/strong> 7 \u00e0 14 jours ouvr\u00e9s<\/p>","protected":false},"excerpt":{"rendered":"<ul>\n<li data-start=\"1367\" data-end=\"1392\">\n<p data-start=\"1369\" data-end=\"1392\">Logo + charte graphique<\/p>\n<\/li>\n<li data-start=\"1393\" data-end=\"1447\">\n<p data-start=\"1395\" data-end=\"1447\">Maquettes design de l\u2019application\/site (3 \u00e0 5 pages)<\/p>\n<\/li>\n<li data-start=\"1448\" data-end=\"1487\">\n<p data-start=\"1450\" data-end=\"1487\">Prototype interactif (Figma\/Adobe XD)<\/p>\n<\/li>\n<li data-start=\"1488\" data-end=\"1524\">\n<p data-start=\"1490\" data-end=\"1524\">Guide de style + kit de ressources<\/p>\n<\/li>\n<\/ul>","protected":false},"featured_media":1839,"template":"","meta":{"_acf_changed":false},"product_brand":[],"product_cat":[45],"product_tag":[],"class_list":{"0":"post-1826","1":"product","2":"type-product","3":"status-publish","4":"has-post-thumbnail","6":"product_cat-uncategorized","8":"first","9":"instock","10":"shipping-taxable","11":"purchasable","12":"product-type-simple"},"acf":[],"jetpack_sharing_enabled":true,"_links":{"self":[{"href":"https:\/\/m3s-traiding-web.online\/en\/wp-json\/wp\/v2\/product\/1826","targetHints":{"allow":["GET"]}}],"collection":[{"href":"https:\/\/m3s-traiding-web.online\/en\/wp-json\/wp\/v2\/product"}],"about":[{"href":"https:\/\/m3s-traiding-web.online\/en\/wp-json\/wp\/v2\/types\/product"}],"wp:featuredmedia":[{"embeddable":true,"href":"https:\/\/m3s-traiding-web.online\/en\/wp-json\/wp\/v2\/media\/1839"}],"wp:attachment":[{"href":"https:\/\/m3s-traiding-web.online\/en\/wp-json\/wp\/v2\/media?parent=1826"}],"wp:term":[{"taxonomy":"product_brand","embeddable":true,"href":"https:\/\/m3s-traiding-web.online\/en\/wp-json\/wp\/v2\/product_brand?post=1826"},{"taxonomy":"product_cat","embeddable":true,"href":"https:\/\/m3s-traiding-web.online\/en\/wp-json\/wp\/v2\/product_cat?post=1826"},{"taxonomy":"product_tag","embeddable":true,"href":"https:\/\/m3s-traiding-web.online\/en\/wp-json\/wp\/v2\/product_tag?post=1826"}],"curies":[{"name":"wp","href":"https:\/\/api.w.org\/{rel}","templated":true}]}}