{"id":1825,"date":"2025-06-15T20:46:20","date_gmt":"2025-06-15T20:46:20","guid":{"rendered":"https:\/\/m3s-traiding-web.online\/?post_type=product&#038;p=1825"},"modified":"2025-06-15T22:25:22","modified_gmt":"2025-06-15T22:25:22","slug":"pack-analyse-data","status":"publish","type":"product","link":"https:\/\/m3s-traiding-web.online\/en\/product\/pack-analyse-data\/","title":{"rendered":"Pack Analyse &#038; Data"},"content":{"rendered":"<p data-start=\"2485\" data-end=\"2657\">Transformez vos donn\u00e9es en d\u00e9cisions strat\u00e9giques. Ce pack vous offre des visualisations professionnelles et une analyse claire de vos indicateurs cl\u00e9s.<\/p>\n<p data-start=\"2659\" data-end=\"2686\"><strong data-start=\"2659\" data-end=\"2684\">Ce que vous obtenez :<\/strong><\/p>\n<ul data-start=\"2687\" data-end=\"2934\">\n<li data-start=\"2687\" data-end=\"2722\">\n<p data-start=\"2689\" data-end=\"2722\">Audit de vos sources de donn\u00e9es<\/p>\n<\/li>\n<li data-start=\"2723\" data-end=\"2782\">\n<p data-start=\"2725\" data-end=\"2782\">Connexion \u00e0 vos bases ou outils (Excel, CRM, SQL, etc.)<\/p>\n<\/li>\n<li data-start=\"2783\" data-end=\"2857\">\n<p data-start=\"2785\" data-end=\"2857\">Cr\u00e9ation de dashboards dynamiques (Power BI, Tableau ou Looker Studio)<\/p>\n<\/li>\n<li data-start=\"2858\" data-end=\"2901\">\n<p data-start=\"2860\" data-end=\"2901\">Analyse personnalis\u00e9e + recommandations<\/p>\n<\/li>\n<li data-start=\"2902\" data-end=\"2934\">\n<p data-start=\"2904\" data-end=\"2934\">Export des rapports en PDF\/CSV<\/p>\n<\/li>\n<\/ul>\n<p data-start=\"2936\" data-end=\"2982\"><strong data-start=\"2936\" data-end=\"2961\">D\u00e9lais de livraison :<\/strong> 10 \u00e0 15 jours ouvr\u00e9s<\/p>","protected":false},"excerpt":{"rendered":"<ul>\n<li data-start=\"1117\" data-end=\"1146\">\n<p data-start=\"1119\" data-end=\"1146\">Audit de donn\u00e9es + collecte<\/p>\n<\/li>\n<li data-start=\"1147\" data-end=\"1218\">\n<p data-start=\"1149\" data-end=\"1218\">Tableau de bord avec visualisations interactives (Power\u202fBI, Tableau\u2026)<\/p>\n<\/li>\n<li data-start=\"1219\" data-end=\"1249\">\n<p data-start=\"1221\" data-end=\"1249\">Recommandations strat\u00e9giques<\/p>\n<\/li>\n<li data-start=\"1250\" data-end=\"1291\">\n<p data-start=\"1252\" data-end=\"1291\">Pack exportable (PDF, CSV, automatique)<\/p>\n<\/li>\n<\/ul>","protected":false},"featured_media":1839,"template":"","meta":{"_acf_changed":false},"product_brand":[],"product_cat":[45],"product_tag":[],"class_list":{"0":"post-1825","1":"product","2":"type-product","3":"status-publish","4":"has-post-thumbnail","6":"product_cat-uncategorized","8":"first","9":"instock","10":"shipping-taxable","11":"purchasable","12":"product-type-simple"},"acf":[],"jetpack_sharing_enabled":true,"_links":{"self":[{"href":"https:\/\/m3s-traiding-web.online\/en\/wp-json\/wp\/v2\/product\/1825","targetHints":{"allow":["GET"]}}],"collection":[{"href":"https:\/\/m3s-traiding-web.online\/en\/wp-json\/wp\/v2\/product"}],"about":[{"href":"https:\/\/m3s-traiding-web.online\/en\/wp-json\/wp\/v2\/types\/product"}],"wp:featuredmedia":[{"embeddable":true,"href":"https:\/\/m3s-traiding-web.online\/en\/wp-json\/wp\/v2\/media\/1839"}],"wp:attachment":[{"href":"https:\/\/m3s-traiding-web.online\/en\/wp-json\/wp\/v2\/media?parent=1825"}],"wp:term":[{"taxonomy":"product_brand","embeddable":true,"href":"https:\/\/m3s-traiding-web.online\/en\/wp-json\/wp\/v2\/product_brand?post=1825"},{"taxonomy":"product_cat","embeddable":true,"href":"https:\/\/m3s-traiding-web.online\/en\/wp-json\/wp\/v2\/product_cat?post=1825"},{"taxonomy":"product_tag","embeddable":true,"href":"https:\/\/m3s-traiding-web.online\/en\/wp-json\/wp\/v2\/product_tag?post=1825"}],"curies":[{"name":"wp","href":"https:\/\/api.w.org\/{rel}","templated":true}]}}