{"id":1822,"date":"2025-06-15T20:41:32","date_gmt":"2025-06-15T20:41:32","guid":{"rendered":"https:\/\/m3s-traiding-web.online\/?post_type=product&#038;p=1822"},"modified":"2026-02-12T19:24:17","modified_gmt":"2026-02-12T19:24:17","slug":"pack-site-vitrine-express","status":"publish","type":"product","link":"https:\/\/m3s-traiding-web.online\/en\/product\/pack-site-vitrine-express\/","title":{"rendered":"Pack Site Vitrine Express"},"content":{"rendered":"<p data-start=\"346\" data-end=\"548\">Offrez \u00e0 votre entreprise une pr\u00e9sence en ligne professionnelle et rapide gr\u00e2ce \u00e0 ce pack complet. Con\u00e7u pour les entrepreneurs qui souhaitent un site simple, esth\u00e9tique et efficace.<\/p>\n<p data-start=\"550\" data-end=\"577\"><strong data-start=\"550\" data-end=\"575\">Ce que vous obtenez :<\/strong><\/p>\n<ul data-start=\"578\" data-end=\"913\">\n<li data-start=\"578\" data-end=\"636\">\n<p data-start=\"580\" data-end=\"636\">Design personnalis\u00e9 100 % responsive (mobile\/tablette)<\/p>\n<\/li>\n<li data-start=\"637\" data-end=\"710\">\n<p data-start=\"639\" data-end=\"710\">Jusqu\u2019\u00e0 5 pages incluses (Accueil, \u00c0 propos, Services, Contact, Blog)<\/p>\n<\/li>\n<li data-start=\"711\" data-end=\"753\">\n<p data-start=\"713\" data-end=\"753\">Int\u00e9gration d\u2019un formulaire de contact<\/p>\n<\/li>\n<li data-start=\"754\" data-end=\"814\">\n<p data-start=\"756\" data-end=\"814\">R\u00e9f\u00e9rencement SEO de base (balises, structure optimis\u00e9e)<\/p>\n<\/li>\n<li data-start=\"815\" data-end=\"880\">\n<p data-start=\"817\" data-end=\"880\">CMS facile \u00e0 g\u00e9rer (WordPress, Webflow ou autre selon besoin)<\/p>\n<\/li>\n<li data-start=\"881\" data-end=\"913\">\n<p data-start=\"883\" data-end=\"913\">1 mois de maintenance gratuite<\/p>\n<\/li>\n<\/ul>\n<p data-start=\"915\" data-end=\"960\"><strong data-start=\"915\" data-end=\"940\">D\u00e9lais de livraison :<\/strong> 7 \u00e0 10 jours ouvr\u00e9s<\/p>","protected":false},"excerpt":{"rendered":"<ul>\n<li data-start=\"349\" data-end=\"415\">\n<p data-start=\"351\" data-end=\"415\">Cr\u00e9ation de 5 pages (Accueil, \u00c0 propos, Services, Contact, Blog)<\/p>\n<\/li>\n<li data-start=\"416\" data-end=\"449\">\n<p data-start=\"418\" data-end=\"449\">Design responsive &amp; SEO de base<\/p>\n<\/li>\n<li data-start=\"450\" data-end=\"494\">\n<p data-start=\"452\" data-end=\"494\">CMS pr\u00eat \u00e0 l\u2019emploi (WordPress, Webflow,\u2026)<\/p>\n<\/li>\n<li data-start=\"495\" data-end=\"528\">\n<p data-start=\"497\" data-end=\"528\">1 mois de maintenance &amp; support<\/p>\n<\/li>\n<\/ul>","protected":false},"featured_media":1839,"template":"","meta":{"_acf_changed":false},"product_brand":[],"product_cat":[45],"product_tag":[],"class_list":{"0":"post-1822","1":"product","2":"type-product","3":"status-publish","4":"has-post-thumbnail","6":"product_cat-uncategorized","8":"first","9":"instock","10":"shipping-taxable","11":"purchasable","12":"product-type-simple"},"acf":[],"jetpack_sharing_enabled":true,"_links":{"self":[{"href":"https:\/\/m3s-traiding-web.online\/en\/wp-json\/wp\/v2\/product\/1822","targetHints":{"allow":["GET"]}}],"collection":[{"href":"https:\/\/m3s-traiding-web.online\/en\/wp-json\/wp\/v2\/product"}],"about":[{"href":"https:\/\/m3s-traiding-web.online\/en\/wp-json\/wp\/v2\/types\/product"}],"wp:featuredmedia":[{"embeddable":true,"href":"https:\/\/m3s-traiding-web.online\/en\/wp-json\/wp\/v2\/media\/1839"}],"wp:attachment":[{"href":"https:\/\/m3s-traiding-web.online\/en\/wp-json\/wp\/v2\/media?parent=1822"}],"wp:term":[{"taxonomy":"product_brand","embeddable":true,"href":"https:\/\/m3s-traiding-web.online\/en\/wp-json\/wp\/v2\/product_brand?post=1822"},{"taxonomy":"product_cat","embeddable":true,"href":"https:\/\/m3s-traiding-web.online\/en\/wp-json\/wp\/v2\/product_cat?post=1822"},{"taxonomy":"product_tag","embeddable":true,"href":"https:\/\/m3s-traiding-web.online\/en\/wp-json\/wp\/v2\/product_tag?post=1822"}],"curies":[{"name":"wp","href":"https:\/\/api.w.org\/{rel}","templated":true}]}}