{"id":96,"date":"2022-11-22T10:27:33","date_gmt":"2022-11-22T10:27:33","guid":{"rendered":"https:\/\/weblearnbd.net\/wp\/quitox\/?page_id=96"},"modified":"2025-05-12T20:45:20","modified_gmt":"2025-05-12T20:45:20","slug":"service","status":"publish","type":"page","link":"https:\/\/m3s-traiding-web.online\/en\/service\/","title":{"rendered":"Service"},"content":{"rendered":"<div data-elementor-type=\"wp-page\" data-elementor-id=\"96\" class=\"elementor elementor-96\" data-elementor-post-type=\"page\">\n\t\t\t\t\t\t<section class=\"elementor-section elementor-top-section elementor-element elementor-element-6965c29 elementor-section-full_width elementor-section-height-default elementor-section-height-default\" data-id=\"6965c29\" data-element_type=\"section\" data-e-type=\"section\">\n\t\t\t\t\t\t<div class=\"elementor-container elementor-column-gap-no\">\n\t\t\t\t\t<div class=\"elementor-column elementor-col-100 elementor-top-column elementor-element elementor-element-4bb1dd9\" data-id=\"4bb1dd9\" data-element_type=\"column\" data-e-type=\"column\">\n\t\t\t<div class=\"elementor-widget-wrap elementor-element-populated\">\n\t\t\t\t\t\t<div class=\"elementor-element elementor-element-1aaeac8 elementor-widget elementor-widget-services\" data-id=\"1aaeac8\" data-element_type=\"widget\" data-e-type=\"widget\" data-widget_type=\"services.default\">\n\t\t\t\t<div class=\"elementor-widget-container\">\n\t\t\t\t\t\r\n\r\n<div id=\"feature-area\" class=\"tp-feature__area pt-60 pb-100 tp-el-section\">\r\n    <div class=\"container\">\r\n                <div class=\"row\">\r\n\r\n                                    <div class=\"col-xl-6 col-lg-6 col-md-6 col-12 wow tpfadeUp\"\r\n            data-wow-duration=\"0.9s\"\r\n            data-wow-delay=\"0.5s\">\r\n            \r\n                <div class=\"tp-feature__item mb-30\">\r\n\r\n                                                            <div class=\"tp-feature__icon tp-repeater-icon\">\r\n                        <img decoding=\"async\" src=\"https:\/\/wp.hixstudio.net\/quitox\/wp-content\/uploads\/2022\/12\/service-icon-1.png\"\r\n                            alt=\"\">\r\n                    <\/div>\r\n                                        \r\n                    <div class=\"tp-feature__content\">\r\n\r\n                                                <h4 class=\"tp-feature__title-sm tp-repeater-title\">\r\n                                                        IT Solution                                                    <\/h4>\r\n                        \r\n                                                <p class=\"tp-repeater-desc\">We offer tailor-made IT solutions to support companies' digital transformation: web development, mobile applications, cybersecurity, cloud and much more.<\/p>\r\n                                            <\/div>\r\n                <\/div>\r\n            <\/div>\r\n                                    <div class=\"col-xl-6 col-lg-6 col-md-6 col-12 wow tpfadeUp\"\r\n            data-wow-duration=\"0.9s\"\r\n            data-wow-delay=\"0.7s\">\r\n            \r\n                <div class=\"tp-feature__item mb-30\">\r\n\r\n                                                            <div class=\"tp-feature__icon tp-repeater-icon\">\r\n                        <img decoding=\"async\" src=\"https:\/\/wp.hixstudio.net\/quitox\/wp-content\/uploads\/2022\/12\/service-icon-2.png\"\r\n                            alt=\"\">\r\n                    <\/div>\r\n                                        \r\n                    <div class=\"tp-feature__content\">\r\n\r\n                                                <h4 class=\"tp-feature__title-sm tp-repeater-title\">\r\n                                                        Data Solution                                                    <\/h4>\r\n                        \r\n                                                <p class=\"tp-repeater-desc\">We harness the power of data to help companies make strategic decisions: collecting, analyzing, visualizing and leveraging your data.<\/p>\r\n                                            <\/div>\r\n                <\/div>\r\n            <\/div>\r\n                                    <div class=\"col-xl-6 col-lg-6 col-md-6 col-12 wow tpfadeUp\"\r\n            data-wow-duration=\"0.9s\"\r\n            data-wow-delay=\"0.9s\">\r\n            \r\n                <div class=\"tp-feature__item mb-30\">\r\n\r\n                                                            <div class=\"tp-feature__icon tp-repeater-icon\">\r\n                        <img decoding=\"async\" src=\"https:\/\/wp.hixstudio.net\/quitox\/wp-content\/uploads\/2022\/12\/service-icon-3.png\"\r\n                            alt=\"\">\r\n                    <\/div>\r\n                                        \r\n                    <div class=\"tp-feature__content\">\r\n\r\n                                                <h4 class=\"tp-feature__title-sm tp-repeater-title\">\r\n                                                        Web Design                                                    <\/h4>\r\n                        \r\n                                                <p class=\"tp-repeater-desc\">We create modern, intuitive and responsive web interfaces, combining aesthetics and user experience to enhance your online image.<\/p>\r\n                                            <\/div>\r\n                <\/div>\r\n            <\/div>\r\n                                    <div class=\"col-xl-6 col-lg-6 col-md-6 col-12 wow tpfadeUp\"\r\n            data-wow-duration=\"0.9s\"\r\n            data-wow-delay=\"1.2s\">\r\n            \r\n                <div class=\"tp-feature__item mb-30\">\r\n\r\n                                                            <div class=\"tp-feature__icon tp-repeater-icon\">\r\n                        <img decoding=\"async\" src=\"https:\/\/wp.hixstudio.net\/quitox\/wp-content\/uploads\/2022\/12\/service-icon-6-1.png\"\r\n                            alt=\"\">\r\n                    <\/div>\r\n                                        \r\n                    <div class=\"tp-feature__content\">\r\n\r\n                                                <h4 class=\"tp-feature__title-sm tp-repeater-title\">\r\n                                                        Graphic Design                                                    <\/h4>\r\n                        \r\n                                                <p class=\"tp-repeater-desc\">We bring your visual identity to life with unique, striking graphic creations: logos, posters, social media visuals, print and digital media.<\/p>\r\n                                            <\/div>\r\n                <\/div>\r\n            <\/div>\r\n            \r\n        <\/div>\r\n    <\/div>\r\n<\/div>\r\n\r\n\t\t\t\t<\/div>\n\t\t\t\t<\/div>\n\t\t\t\t\t<\/div>\n\t\t<\/div>\n\t\t\t\t\t<\/div>\n\t\t<\/section>\n\t\t\t\t<\/div>","protected":false},"excerpt":{"rendered":"<p>IT Solution Nous proposons des solutions informatiques sur mesure pour accompagner la transformation digitale des entreprises : d\u00e9veloppement web, applications mobiles, cybers\u00e9curit\u00e9, cloud et bien plus. Data Solution Nous exploitons la puissance des donn\u00e9es pour aider les entreprises \u00e0 prendre des d\u00e9cisions strat\u00e9giques : collecte, analyse, visualisation et valorisation de vos donn\u00e9es. Web Design Nous [&hellip;]<\/p>","protected":false},"author":1,"featured_media":0,"parent":0,"menu_order":0,"comment_status":"closed","ping_status":"closed","template":"elementor_header_footer","meta":{"_acf_changed":false,"footnotes":""},"class_list":["post-96","page","type-page","status-publish","hentry"],"acf":[],"jetpack_sharing_enabled":true,"_links":{"self":[{"href":"https:\/\/m3s-traiding-web.online\/en\/wp-json\/wp\/v2\/pages\/96","targetHints":{"allow":["GET"]}}],"collection":[{"href":"https:\/\/m3s-traiding-web.online\/en\/wp-json\/wp\/v2\/pages"}],"about":[{"href":"https:\/\/m3s-traiding-web.online\/en\/wp-json\/wp\/v2\/types\/page"}],"author":[{"embeddable":true,"href":"https:\/\/m3s-traiding-web.online\/en\/wp-json\/wp\/v2\/users\/1"}],"replies":[{"embeddable":true,"href":"https:\/\/m3s-traiding-web.online\/en\/wp-json\/wp\/v2\/comments?post=96"}],"version-history":[{"count":19,"href":"https:\/\/m3s-traiding-web.online\/en\/wp-json\/wp\/v2\/pages\/96\/revisions"}],"predecessor-version":[{"id":1772,"href":"https:\/\/m3s-traiding-web.online\/en\/wp-json\/wp\/v2\/pages\/96\/revisions\/1772"}],"wp:attachment":[{"href":"https:\/\/m3s-traiding-web.online\/en\/wp-json\/wp\/v2\/media?parent=96"}],"curies":[{"name":"wp","href":"https:\/\/api.w.org\/{rel}","templated":true}]}}