{"id":1618,"date":"2022-11-22T10:22:58","date_gmt":"2022-11-22T10:22:58","guid":{"rendered":"https:\/\/weblearnbd.net\/wp\/quitox\/?page_id=81"},"modified":"2025-05-11T22:20:58","modified_gmt":"2025-05-11T22:20:58","slug":"about-2","status":"publish","type":"page","link":"https:\/\/m3s-traiding-web.online\/en\/about-2\/","title":{"rendered":"About"},"content":{"rendered":"<div data-elementor-type=\"wp-page\" data-elementor-id=\"1618\" class=\"elementor elementor-1618\" data-elementor-post-type=\"page\">\n\t\t\t\t\t\t<section class=\"elementor-section elementor-top-section elementor-element elementor-element-c6ba398 elementor-section-full_width elementor-section-height-default elementor-section-height-default\" data-id=\"c6ba398\" data-element_type=\"section\" data-e-type=\"section\">\n\t\t\t\t\t\t<div class=\"elementor-container elementor-column-gap-no\">\n\t\t\t\t\t<div class=\"elementor-column elementor-col-100 elementor-top-column elementor-element elementor-element-61c13fc\" data-id=\"61c13fc\" data-element_type=\"column\" data-e-type=\"column\">\n\t\t\t<div class=\"elementor-widget-wrap elementor-element-populated\">\n\t\t\t\t\t\t<div class=\"elementor-element elementor-element-49d56e7 elementor-widget elementor-widget-about\" data-id=\"49d56e7\" data-element_type=\"widget\" data-e-type=\"widget\" data-widget_type=\"about.default\">\n\t\t\t\t<div class=\"elementor-widget-container\">\n\t\t\t\t\t\r\n\r\n<div id=\"about-inner__area\" class=\"about-inner__area pt-130 pb-130 tp-el-section\">\r\n    <div class=\"container\">\r\n        <div class=\"row justify-content-center\">\r\n            <div class=\"col-lg-9 col-md-12\">\r\n                <div class=\"about-inner__section-box mb-70 text-center wow tpfadeUp\" data-wow-duration=\".9s\"\r\n                    data-wow-delay=\".3s\">\r\n                                        <h2 class=\"tp-section-title-md tp-el-title\">About M3S TRAIDING<\/h2>                <\/div>\r\n            <\/div>\r\n        <\/div>\r\n        <div class=\"row g-0\">\r\n            <div class=\"col-xl-7 col-lg-7\">\r\n                <div class=\"about-inner__wrapper wow tpfadeLeft\" data-wow-duration=\".9s\" data-wow-delay=\".5s\">\r\n                    <div class=\"row gx-10\">\r\n                        <div class=\"col-xl-6 col-lg-6 col-md-6 mb-20\">\r\n                                                        <div class=\"about-inner__thumb w-img\">\r\n                                <img decoding=\"async\" src=\"https:\/\/m3s-traiding-web.online\/wp-content\/uploads\/2022\/12\/ab-inner-1.jpg\"\r\n                                    alt=\"\">\r\n                            <\/div>\r\n                                                    <\/div>\r\n                        <div class=\"col-xl-6 col-lg-6 col-md-6\">\r\n                                                                                    <div class=\"about-inner__thumb-2 w-img mb-20\">\r\n                                <img decoding=\"async\" src=\"https:\/\/m3s-traiding-web.online\/wp-content\/uploads\/2022\/12\/ab-inner-2.jpg\" alt=\"\">\r\n                            <\/div>\r\n                                                    <\/div>\r\n                    <\/div>\r\n                <\/div>\r\n            <\/div>\r\n            <div class=\"col-xl-5 col-lg-5 wow tpfadeRight\" data-wow-duration=\".9s\" data-wow-delay=\".7s\">\r\n                <div class=\"about-inner__right\">\r\n                                        <div class=\"about-inner__content\">\r\n                        <p class=\"tp-el-content\">M3S TRAIDING is a company specializing in the development of innovative technological solutions tailored to the needs of modern businesses.\nOur mission is to support our customers in their digital transformation by offering them customized, high-performance and sustainable services.\n\nWe operate in several key areas:\n\nWeb &amp; mobile development: creating high-performance, secure and scalable applications.\n\nIT solutions: setting up robust infrastructures, cloud computing, cybersecurity.\n\nData analysis &amp; management: leveraging data for better decision-making.\n\nUI\/UX design &amp; branding: creation of strong visual identities and engaging user experiences.<\/p>\r\n                    <\/div>\r\n                                        <div class=\"about-inner__list\">\r\n                        <ul>\r\n                                                                                                <li class=\"tp-el-list\"><i class=\"far fa-check\"><\/i> Web &amp; mobile development: creating high-performance, secure and scalable applications.\n\n<\/li>\r\n                                                                                                                                <li class=\"tp-el-list\"><i class=\"far fa-check\"><\/i> IT solutions: setting up robust infrastructures, cloud computing, cybersecurity.\n\n<\/li>\r\n                                                                                                                                <li class=\"tp-el-list\"><i class=\"far fa-check\"><\/i> Data analysis &amp; management: leveraging data for better decision-making.\n\n<\/li>\r\n                                                                                                                                <li class=\"tp-el-list\"><i class=\"far fa-check\"><\/i> UI\/UX design &amp; branding: creation of strong visual identities and engaging user experiences.\n\n<\/li>\r\n                                                                                    <\/ul>\r\n                    <\/div>\r\n                    <div class=\"about-inner__btn d-flex align-items-center\">\r\n                                                                    <\/div>\r\n                <\/div>\r\n            <\/div>\r\n        <\/div>\r\n    <\/div>\r\n<\/div>\r\n\r\n\r\n\r\n\t\t\t\t<\/div>\n\t\t\t\t<\/div>\n\t\t\t\t\t<\/div>\n\t\t<\/div>\n\t\t\t\t\t<\/div>\n\t\t<\/section>\n\t\t\t\t<section class=\"elementor-section elementor-top-section elementor-element elementor-element-8738910 elementor-section-full_width elementor-section-height-default elementor-section-height-default\" data-id=\"8738910\" data-element_type=\"section\" data-e-type=\"section\">\n\t\t\t\t\t\t<div class=\"elementor-container elementor-column-gap-no\">\n\t\t\t\t\t<div class=\"elementor-column elementor-col-100 elementor-top-column elementor-element elementor-element-f5610aa\" data-id=\"f5610aa\" data-element_type=\"column\" data-e-type=\"column\">\n\t\t\t<div class=\"elementor-widget-wrap elementor-element-populated\">\n\t\t\t\t\t\t<div class=\"elementor-element elementor-element-ee127a4 elementor-widget elementor-widget-features\" data-id=\"ee127a4\" data-element_type=\"widget\" data-e-type=\"widget\" data-widget_type=\"features.default\">\n\t\t\t\t<div class=\"elementor-widget-container\">\n\t\t\t\t\t\r\n\r\n<div id=\"tp-service__area\" class=\"tp-service__area tp-service__space service-inner grey-bg pt-120 pb-100 tp-el-section\">\r\n    <div class=\"container\">\r\n        \r\n                <div class=\"row\">\r\n            <div class=\"col-12\">\r\n                <div class=\"tp-service__section-wrapper service-inner d-flex justify-content-between wow tpfadeUp\"\r\n                    data-wow-duration=\".9s\" data-wow-delay=\".5s\">\r\n                    <div class=\"tp-service__title-box ml-40 text-start\">\r\n                        <h2 class=\"tp-service__title tp-el-title\">All about M3S  <br> Technology &amp; Innovation<\/h2>                                            <\/div>\r\n                                    <\/div>\r\n            <\/div>\r\n        <\/div>\r\n        \r\n        <div class=\"tp-service__slider-wrapper service-inner\">\r\n            <div class=\"tp-service__slider-active\">\r\n\r\n                \r\n                        <div class=\"tp-service__item wow tpfadeUp\"\r\n                data-wow-duration=\"0.9s\"\r\n                data-wow-delay=\"0.5s\">\r\n                \r\n                                                                        <div class=\"tp-service__icon tp-el-box-icon\">\r\n                                <img decoding=\"async\" src=\"https:\/\/wp.hixstudio.net\/quitox\/wp-content\/uploads\/2022\/12\/service-icon-1.png\"\r\n                                    alt=\"\">\r\n                            <\/div>\r\n                                            \r\n                    <div class=\"tp-service__content\">\r\n\r\n                                                <h4 class=\"tp-service__title-sm tp-el-box-title\">\r\n                                                        IT Solution                                                    <\/h4>\r\n                        \r\n                                                <p class=\"tp-el-box-desc\">We offer tailor-made IT solutions to support companies' digital transformation: web development, mobile applications, cybersecurity, cloud and much more.<\/p>\r\n                        \r\n                    <\/div>\r\n\r\n                    \r\n                <\/div>\r\n                \r\n                        <div class=\"tp-service__item wow tpfadeUp\"\r\n                data-wow-duration=\"0.9s\"\r\n                data-wow-delay=\"0.7s\">\r\n                \r\n                                                                        <div class=\"tp-service__icon tp-el-box-icon\">\r\n                                <img decoding=\"async\" src=\"https:\/\/wp.hixstudio.net\/quitox\/wp-content\/uploads\/2022\/12\/service-icon-2.png\"\r\n                                    alt=\"\">\r\n                            <\/div>\r\n                                            \r\n                    <div class=\"tp-service__content\">\r\n\r\n                                                <h4 class=\"tp-service__title-sm tp-el-box-title\">\r\n                                                        Data Solution                                                    <\/h4>\r\n                        \r\n                                                <p class=\"tp-el-box-desc\">We harness the power of data to help companies make strategic decisions: collecting, analyzing, visualizing and leveraging your data.<\/p>\r\n                        \r\n                    <\/div>\r\n\r\n                    \r\n                <\/div>\r\n                \r\n                        <div class=\"tp-service__item wow tpfadeUp\"\r\n                data-wow-duration=\"0.9s\"\r\n                data-wow-delay=\"0.9s\">\r\n                \r\n                                                                        <div class=\"tp-service__icon tp-el-box-icon\">\r\n                                <img decoding=\"async\" src=\"https:\/\/wp.hixstudio.net\/quitox\/wp-content\/uploads\/2022\/12\/service-icon-3.png\"\r\n                                    alt=\"\">\r\n                            <\/div>\r\n                                            \r\n                    <div class=\"tp-service__content\">\r\n\r\n                                                <h4 class=\"tp-service__title-sm tp-el-box-title\">\r\n                                                        Web Design                                                    <\/h4>\r\n                        \r\n                                                <p class=\"tp-el-box-desc\">We create modern, intuitive and responsive web interfaces, combining aesthetics and user experience to enhance your online image.<\/p>\r\n                        \r\n                    <\/div>\r\n\r\n                    \r\n                <\/div>\r\n                \r\n                        <div class=\"tp-service__item wow tpfadeUp\"\r\n                data-wow-duration=\"0.9s\"\r\n                data-wow-delay=\"1s\">\r\n                \r\n                                                                        <div class=\"tp-service__icon tp-el-box-icon\">\r\n                                <img decoding=\"async\" src=\"https:\/\/wp.hixstudio.net\/quitox\/wp-content\/uploads\/2022\/12\/service-icon-2.png\"\r\n                                    alt=\"\">\r\n                            <\/div>\r\n                                            \r\n                    <div class=\"tp-service__content\">\r\n\r\n                                                <h4 class=\"tp-service__title-sm tp-el-box-title\">\r\n                                                        Graphic Design                                                    <\/h4>\r\n                        \r\n                                                <p class=\"tp-el-box-desc\">We bring your visual identity to life with unique, striking graphic creations: logos, posters, social media visuals, print and digital media.<\/p>\r\n                        \r\n                    <\/div>\r\n\r\n                    \r\n                <\/div>\r\n                \r\n            <\/div>\r\n        <\/div>\r\n    <\/div>\r\n<\/div>\r\n\r\n\t\t\t\t<\/div>\n\t\t\t\t<\/div>\n\t\t\t\t\t<\/div>\n\t\t<\/div>\n\t\t\t\t\t<\/div>\n\t\t<\/section>\n\t\t\t\t<section class=\"elementor-section elementor-top-section elementor-element elementor-element-462ab67 elementor-section-full_width elementor-section-height-default elementor-section-height-default\" data-id=\"462ab67\" data-element_type=\"section\" data-e-type=\"section\">\n\t\t\t\t\t\t<div class=\"elementor-container elementor-column-gap-no\">\n\t\t\t\t\t<div class=\"elementor-column elementor-col-100 elementor-top-column elementor-element elementor-element-7b028ca\" data-id=\"7b028ca\" data-element_type=\"column\" data-e-type=\"column\">\n\t\t\t<div class=\"elementor-widget-wrap elementor-element-populated\">\n\t\t\t\t\t\t<div class=\"elementor-element elementor-element-f3e00e9 elementor-widget elementor-widget-tp-fact\" data-id=\"f3e00e9\" data-element_type=\"widget\" data-e-type=\"widget\" data-widget_type=\"tp-fact.default\">\n\t\t\t\t<div class=\"elementor-widget-container\">\n\t\t\t\t\t\r\n\r\n<div class=\"tp-counter-2__area tp-counter-2__space counter-inner grey-bg pb-100 tp-el-section\">\r\n    <div class=\"container\">\r\n        <div class=\"tp-counter-2__wrapper pt-65\">\r\n            <div class=\"row\">\r\n                                                <div class=\"col-xl-3 col-lg-3 col-md-6 col-sm-6 mb-30 wow tpfadeUp\"\r\n                data-wow-duration=\"0.9s\"\r\n                data-wow-delay=\"0.3s\">\r\n                                \r\n                    <div class=\"tp-counter-2__item d-flex align-items-center justify-content-sm-start justify-content-center\">\r\n\r\n                                                                            <div class=\"tp-counter-2__icon tp-el-box-icon\">\r\n                                <img decoding=\"async\" src=\"https:\/\/wp.hixstudio.net\/quitox\/wp-content\/uploads\/2022\/12\/counter-5.png\"\r\n                                    alt=\"\">\r\n                            <\/div>\r\n                                                \r\n                        <div class=\"tp-counter-2__content\">\r\n                            \r\n                                                        <h4 class=\"tp-el-box-number\"><span class=\"counter\">100<\/span>%<\/h4>\r\n                            \r\n                                                        <span class=\"tp-el-box-desc\">Recognized expertise\n<\/span>\r\n                            \r\n                        <\/div>\r\n                    <\/div>\r\n                <\/div>\r\n                                                <div class=\"col-xl-3 col-lg-3 col-md-6 col-sm-6 mb-30 wow tpfadeUp\"\r\n                data-wow-duration=\"0.9s\"\r\n                data-wow-delay=\"0.5s\">\r\n                                \r\n                    <div class=\"tp-counter-2__item d-flex align-items-center justify-content-sm-start justify-content-center\">\r\n\r\n                                                                            <div class=\"tp-counter-2__icon tp-el-box-icon\">\r\n                                <img decoding=\"async\" src=\"https:\/\/wp.hixstudio.net\/quitox\/wp-content\/uploads\/2022\/12\/counter-6.png\"\r\n                                    alt=\"\">\r\n                            <\/div>\r\n                                                \r\n                        <div class=\"tp-counter-2__content\">\r\n                            \r\n                                                        <h4 class=\"tp-el-box-number\"><span class=\"counter\">100<\/span>%<\/h4>\r\n                            \r\n                                                        <span class=\"tp-el-box-desc\">Custom solutions\n<\/span>\r\n                            \r\n                        <\/div>\r\n                    <\/div>\r\n                <\/div>\r\n                                                <div class=\"col-xl-3 col-lg-3 col-md-6 col-sm-6 mb-30 wow tpfadeUp\"\r\n                data-wow-duration=\"0.9s\"\r\n                data-wow-delay=\"0.7s\">\r\n                                \r\n                    <div class=\"tp-counter-2__item d-flex align-items-center justify-content-sm-start justify-content-center\">\r\n\r\n                                                                            <div class=\"tp-counter-2__icon tp-el-box-icon\">\r\n                                <img decoding=\"async\" src=\"https:\/\/wp.hixstudio.net\/quitox\/wp-content\/uploads\/2022\/12\/counter-7.png\"\r\n                                    alt=\"\">\r\n                            <\/div>\r\n                                                \r\n                        <div class=\"tp-counter-2__content\">\r\n                            \r\n                                                        <h4 class=\"tp-el-box-number\"><span class=\"counter\"> 100<\/span>%<\/h4>\r\n                            \r\n                                                        <span class=\"tp-el-box-desc\">Quality commitment<\/span>\r\n                            \r\n                        <\/div>\r\n                    <\/div>\r\n                <\/div>\r\n                                                <div class=\"col-xl-3 col-lg-3 col-md-6 col-sm-6 mb-30 wow tpfadeUp\"\r\n                data-wow-duration=\"0.9s\"\r\n                data-wow-delay=\"0.9s\">\r\n                                \r\n                    <div class=\"tp-counter-2__item d-flex align-items-center justify-content-sm-start justify-content-center\">\r\n\r\n                                                                            <div class=\"tp-counter-2__icon tp-el-box-icon\">\r\n                                <img decoding=\"async\" src=\"https:\/\/wp.hixstudio.net\/quitox\/wp-content\/uploads\/2022\/12\/counter-8.png\"\r\n                                    alt=\"\">\r\n                            <\/div>\r\n                                                \r\n                        <div class=\"tp-counter-2__content\">\r\n                            \r\n                                                        <h4 class=\"tp-el-box-number\"><span class=\"counter\"> 100<\/span>%<\/h4>\r\n                            \r\n                                                        <span class=\"tp-el-box-desc\">Comprehensive support<\/span>\r\n                            \r\n                        <\/div>\r\n                    <\/div>\r\n                <\/div>\r\n                            <\/div>\r\n        <\/div>\r\n    <\/div>\r\n<\/div>\r\n\r\n\r\n\t\t\t\t<\/div>\n\t\t\t\t<\/div>\n\t\t\t\t\t<\/div>\n\t\t<\/div>\n\t\t\t\t\t<\/div>\n\t\t<\/section>\n\t\t\t\t<section class=\"elementor-section elementor-top-section elementor-element elementor-element-8f7a5a1 elementor-section-full_width elementor-section-height-default elementor-section-height-default\" data-id=\"8f7a5a1\" data-element_type=\"section\" data-e-type=\"section\">\n\t\t\t\t\t\t<div class=\"elementor-container elementor-column-gap-default\">\n\t\t\t\t\t<div class=\"elementor-column elementor-col-100 elementor-top-column elementor-element elementor-element-de5513c\" data-id=\"de5513c\" data-element_type=\"column\" data-e-type=\"column\" data-settings=\"{&quot;background_background&quot;:&quot;classic&quot;}\">\n\t\t\t<div class=\"elementor-widget-wrap elementor-element-populated\">\n\t\t\t\t\t\t<section class=\"elementor-section elementor-inner-section elementor-element elementor-element-3d97bc6 elementor-section-boxed elementor-section-height-default elementor-section-height-default\" data-id=\"3d97bc6\" data-element_type=\"section\" data-e-type=\"section\">\n\t\t\t\t\t\t<div class=\"elementor-container elementor-column-gap-default\">\n\t\t\t\t\t<div class=\"elementor-column elementor-col-50 elementor-inner-column elementor-element elementor-element-787f2b9\" data-id=\"787f2b9\" data-element_type=\"column\" data-e-type=\"column\">\n\t\t\t<div class=\"elementor-widget-wrap elementor-element-populated\">\n\t\t\t\t\t\t<div class=\"elementor-element elementor-element-ef4a0d1 elementor-widget elementor-widget-tp-heading\" data-id=\"ef4a0d1\" data-element_type=\"widget\" data-e-type=\"widget\" data-settings=\"{&quot;animation_type&quot;:&quot;tpfadeUp&quot;}\" data-widget_type=\"tp-heading.default\">\n\t\t\t\t<div class=\"elementor-widget-container\">\n\t\t\t\t\t\r\n\r\n\r\n\t\r\n\t\t<div class=\"tp-price__section tp-el-section text-start wow tpfadeUp\" data-wow-duration=\"0.9s\" data-wow-delay=\"0.3s\" >\r\n\t\r\n\t\t<h2 class=\"tp-section-title-sm pb-20 tp-el-title tp-section-title-md\">Meet our team<\/h2>\t\t\t<\/div>\r\n\r\n\r\n\t\t\t\t<\/div>\n\t\t\t\t<\/div>\n\t\t\t\t\t<\/div>\n\t\t<\/div>\n\t\t\t\t<div class=\"elementor-column elementor-col-50 elementor-inner-column elementor-element elementor-element-7b1f62b\" data-id=\"7b1f62b\" data-element_type=\"column\" data-e-type=\"column\">\n\t\t\t<div class=\"elementor-widget-wrap elementor-element-populated\">\n\t\t\t\t\t\t<div class=\"elementor-element elementor-element-32fc0ee elementor-widget elementor-widget-tp-btn\" data-id=\"32fc0ee\" data-element_type=\"widget\" data-e-type=\"widget\" data-settings=\"{&quot;animation_type&quot;:&quot;tpfadeUp&quot;}\" data-widget_type=\"tp-btn.default\">\n\t\t\t\t<div class=\"elementor-widget-container\">\n\t\t\t\t\t\r\n\t\t\t\r\n\r\n                        <div class=\"wow tpfadeUp\" data-wow-duration=\"0.9s\" data-wow-delay=\"0.5s\">\r\n                    <a href=\"https:\/\/m3s-traiding-web.online\/en\/?post_type=acf-field&amp;p=85\" target=\"_self\" rel=\"nofollow\" class=\"tp-btn-blue-square tp-el-btn\" ><span>Join our team<\/span><\/a>\r\n        <\/div>\r\n        \r\n        \r\n        \t\t\t\t<\/div>\n\t\t\t\t<\/div>\n\t\t\t\t\t<\/div>\n\t\t<\/div>\n\t\t\t\t\t<\/div>\n\t\t<\/section>\n\t\t\t\t\t<\/div>\n\t\t<\/div>\n\t\t\t\t\t<\/div>\n\t\t<\/section>\n\t\t\t\t<\/div>","protected":false},"excerpt":{"rendered":"<p>\u00c0 propos de M3S TRAIDING M3S TRAIDING est une soci\u00e9t\u00e9 sp\u00e9cialis\u00e9e dans le d\u00e9veloppement de solutions technologiques innovantes adapt\u00e9es aux besoins des entreprises modernes. Notre mission est d&rsquo;accompagner nos clients dans leur transformation num\u00e9rique en leur proposant des services sur mesure, performants et durables. Nous intervenons dans plusieurs domaines cl\u00e9s : D\u00e9veloppement web &amp; mobile [&hellip;]<\/p>","protected":false},"author":1,"featured_media":0,"parent":0,"menu_order":0,"comment_status":"closed","ping_status":"closed","template":"elementor_header_footer","meta":{"_acf_changed":false,"footnotes":""},"class_list":["post-1618","page","type-page","status-publish","hentry"],"acf":[],"jetpack_sharing_enabled":true,"_links":{"self":[{"href":"https:\/\/m3s-traiding-web.online\/en\/wp-json\/wp\/v2\/pages\/1618","targetHints":{"allow":["GET"]}}],"collection":[{"href":"https:\/\/m3s-traiding-web.online\/en\/wp-json\/wp\/v2\/pages"}],"about":[{"href":"https:\/\/m3s-traiding-web.online\/en\/wp-json\/wp\/v2\/types\/page"}],"author":[{"embeddable":true,"href":"https:\/\/m3s-traiding-web.online\/en\/wp-json\/wp\/v2\/users\/1"}],"replies":[{"embeddable":true,"href":"https:\/\/m3s-traiding-web.online\/en\/wp-json\/wp\/v2\/comments?post=1618"}],"version-history":[{"count":16,"href":"https:\/\/m3s-traiding-web.online\/en\/wp-json\/wp\/v2\/pages\/1618\/revisions"}],"predecessor-version":[{"id":1733,"href":"https:\/\/m3s-traiding-web.online\/en\/wp-json\/wp\/v2\/pages\/1618\/revisions\/1733"}],"wp:attachment":[{"href":"https:\/\/m3s-traiding-web.online\/en\/wp-json\/wp\/v2\/media?parent=1618"}],"curies":[{"name":"wp","href":"https:\/\/api.w.org\/{rel}","templated":true}]}}